{"id":186,"date":"2019-11-06T14:07:38","date_gmt":"2019-11-06T13:07:38","guid":{"rendered":"http:\/\/test.kanzleikaiserberg.de\/?page_id=186"},"modified":"2019-11-06T14:07:38","modified_gmt":"2019-11-06T13:07:38","slug":"impressum","status":"publish","type":"page","link":"https:\/\/kanzleikaiserberg.de\/?page_id=186","title":{"rendered":"Impressum"},"content":{"rendered":"\n<p><strong>Rechtliche Hinweise gem. \u00a75 Teledienstgesetz<\/strong><\/p>\n\n\n\n<p>Verantwortlich f\u00fcr den Inhalt dieser Website ist die Kanzlei am Kaiserberg Steuerberater Ronny Jasinski &amp; Dirk Krolzik in Partnerschaft mbB,<br>Telefon 0203\/800 66-0, Telefax 0203\/800 66-20, Email info@kanzleikaiserberg.de<\/p>\n\n\n\n<p>Alle Informationen wurden mit gro\u00dfer Sorgfalt zusammengetragen. Eine Haftung oder Gew\u00e4hr f\u00fcr die Richtigkeit der Inhalte ist jedoch ausgeschlossen. Der Haftungsausschluss gilt insbesondere auch f\u00fcr alle anderen Websites, auf die durch Hyperlinks verwiesen wird. F\u00fcr die Inhalte der Websites, die durch eine solche Verbindung zustande gekommen sind, wird keinerlei Verantwortung \u00fcbernommen. Da durch die technischen M\u00f6glichkeiten des Internets eine absichtliche oder versehentliche Ver\u00e4nderung der Inhalte dieser Website durch Dritte nicht auszuschlie\u00dfen ist, wird auch hierf\u00fcr keine Verantwortung \u00fcbernommen. Der Inhalt dieser Website ist urheberrechtlich gesch\u00fctzt. Ohne schriftliche Genehmigung d\u00fcrfen keine Texte, Textteile, Bilder oder Bildteile anderweitig verwendet werden. F\u00fcr alle mit dieser Website streitbaren Rechtsfragen gilt ausschlie\u00dflich deutsches Recht. Erf\u00fcllungsort und ausschlie\u00dflicher Gerichtsstand ist Duisburg.<\/p>\n\n\n\n<figure class=\"wp-block-table alignleft is-style-stripes\"><table class=\"has-subtle-light-gray-background-color has-background\"><tbody><tr><td>Register-Nr.:<\/td><td>Amtsgericht Essen PR 2891<\/td><\/tr><tr><td>Steuer-Nr.: <\/td><td> FA Duisburg S\u00fcd 109\/5097\/2333 <\/td><\/tr><tr><td>Ronny Jasinski &amp; Dirk Krolzik: <\/td><td>Steuerberater &#8211; Die gesetzliche Berufsbezeichnung wurde in der Bundesrepublik Deutschland (Nordrhein-Westfalen) verliehen. <\/td><\/tr><tr><td>Steuerberaterkammer:<\/td><td>D\u00fcsseldorf (www.stbk-duesseldorf.de)<br>zust\u00e4ndige Aufsichtsbeh\u00f6rde<br>Grafenberger Allee 98<br>40237 D\u00fcsseldorf<\/td><\/tr><tr><td>Berufsrechtliche Regelungen:<\/td><td>Steuerberatungsgesetz (StBerG),<br>Durchf\u00fchrungsverordnung zum Steuerberatungsgesetz (DVStB),<br>Steuerberaterverg\u00fctungsverordnung (StBVV),<br>Berufsordnung (BOStB)<br><br>\u00dcber diesen Link &gt; www.bstbk.de (Bundessteuerberaterkammer) &gt; Downloads &gt; Berufsrecht &gt; erhalten Sie alle Informationen zu den berufsrechtlichen Regelungen.<\/td><\/tr><tr><td>Berufshaftpflichtversicherung:<\/td><td>HDI-Gerling Firmen und Privat Versicherung AG<br>Postfach 10 24 64<br>50464 K\u00f6ln<\/td><\/tr><\/tbody><\/table><\/figure>\n","protected":false},"excerpt":{"rendered":"<p>Rechtliche Hinweise gem. \u00a75 Teledienstgesetz Verantwortlich f\u00fcr den Inhalt dieser Website ist die Kanzlei am Kaiserberg Steuerberater Ronny Jasinski &amp; Dirk Krolzik in Partnerschaft mbB,Telefon 0203\/800 66-0, Telefax 0203\/800 66-20, Email info@kanzleikaiserberg.de Alle Informationen wurden mit gro\u00dfer Sorgfalt zusammengetragen. Eine Haftung oder Gew\u00e4hr f\u00fcr die Richtigkeit der Inhalte ist jedoch ausgeschlossen. Der Haftungsausschluss gilt insbesondere [&hellip;]<\/p>\n","protected":false},"author":1,"featured_media":0,"parent":0,"menu_order":0,"comment_status":"closed","ping_status":"closed","template":"templates\/page-full-width.php","meta":{"footnotes":""},"class_list":["post-186","page","type-page","status-publish","hentry"],"_links":{"self":[{"href":"https:\/\/kanzleikaiserberg.de\/index.php?rest_route=\/wp\/v2\/pages\/186","targetHints":{"allow":["GET"]}}],"collection":[{"href":"https:\/\/kanzleikaiserberg.de\/index.php?rest_route=\/wp\/v2\/pages"}],"about":[{"href":"https:\/\/kanzleikaiserberg.de\/index.php?rest_route=\/wp\/v2\/types\/page"}],"author":[{"embeddable":true,"href":"https:\/\/kanzleikaiserberg.de\/index.php?rest_route=\/wp\/v2\/users\/1"}],"replies":[{"embeddable":true,"href":"https:\/\/kanzleikaiserberg.de\/index.php?rest_route=%2Fwp%2Fv2%2Fcomments&post=186"}],"version-history":[{"count":0,"href":"https:\/\/kanzleikaiserberg.de\/index.php?rest_route=\/wp\/v2\/pages\/186\/revisions"}],"wp:attachment":[{"href":"https:\/\/kanzleikaiserberg.de\/index.php?rest_route=%2Fwp%2Fv2%2Fmedia&parent=186"}],"curies":[{"name":"wp","href":"https:\/\/api.w.org\/{rel}","templated":true}]}}