{"id":21,"date":"2019-11-06T10:33:05","date_gmt":"2019-11-06T10:33:05","guid":{"rendered":"http:\/\/test.kanzleikaiserberg.de\/?page_id=21"},"modified":"2020-02-05T19:08:42","modified_gmt":"2020-02-05T18:08:42","slug":"willkommen","status":"publish","type":"page","link":"https:\/\/kanzleikaiserberg.de\/","title":{"rendered":"Willkommen"},"content":{"rendered":"\n<p>In unserer Steuerberatungskanzlei haben wir es uns zur Aufgabe gemacht, die im Privat- und Gesch\u00e4ftsleben h\u00e4ufig auftretenden Verflechtungen von steuerlicher und anwaltlicher Beratung und Vertretung miteinander zu kombinieren. Dies ist m\u00f6glich, da wir mit kompetenten Kooperationspartnern zusammenarbeiten.<\/p>\n\n\n\n<div class=\"wp-block-columns is-layout-flex wp-container-core-columns-is-layout-9d6595d7 wp-block-columns-is-layout-flex\">\n<div class=\"wp-block-column is-layout-flow wp-block-column-is-layout-flow\">\n<ul class=\"wp-block-list\"><li> <strong>mwhs Rechtsanw\u00e4lte<\/strong><br>M\u00fclheimer Str. 214, 47057 Duisburg<br><a href=\"https:\/\/www.mwhs-duisburg.de\/\" target=\"_blank\" rel=\"noreferrer noopener\" aria-label=\"\ufffc (\u00f6ffnet in neuem Tab)\"><img decoding=\"async\" class=\"wp-image-580\" style=\"width: 128px;\" src=\"https:\/\/kanzleikaiserberg.de\/wp-content\/uploads\/2020\/02\/logo_mwhs.png\" alt=\"\"><\/a>  <\/li><\/ul>\n<\/div>\n\n\n\n<div class=\"wp-block-column is-layout-flow wp-block-column-is-layout-flow\">\n<ul class=\"wp-block-list\"><li><strong>BRINKMANN_DEWERT &amp; Partner mbB<br><\/strong>R\u00fcttenscheider Stra\u00dfe 62, 45130 Essen<strong> <br><\/strong><a href=\"https:\/\/bdp-essen.de\/\" target=\"_blank\" rel=\"noreferrer noopener\" aria-label=\"\ufffc (\u00f6ffnet in neuem Tab)\"><img decoding=\"async\" class=\"wp-image-579\" style=\"width: 83px;\" src=\"https:\/\/kanzleikaiserberg.de\/wp-content\/uploads\/2020\/02\/bdp_124.jpg\" alt=\"\"><\/a><\/li><\/ul>\n<\/div>\n<\/div>\n\n\n\n<p>In vielen F\u00e4llen ist es sinnvoll, insbesondere im Bereich der steuerlichen Existenzgr\u00fcndung, aber auch w\u00e4hrend der laufenden steuerlichen Beratung, den Anwalt bereits beim Abschluss von Vertr\u00e4gen und Rechtsgesch\u00e4ften mit einzubeziehen, um sp\u00e4tere Streitigkeiten von vornherein zu vermeiden.<\/p>\n\n\n\n<p>Auf der anderen Seite erfordert oftmals auch die Rechtsberatung und Prozessvertretung eine intensive steuerliche Betreuung, um die Interessen des Mandanten sachkundig und mit dem optimalen Ergebnis zu vertreten.<\/p>\n\n\n\n<p>Durch die enge Zusammenarbeit zwischen Steuerberater und Rechtsanwalt bieten wir unseren Mandanten umfassende Antworten und L\u00f6sungsm\u00f6glichkeiten bei bestehenden rechtlichen und steuerlichen Fragen aus einer Hand.<\/p>\n","protected":false},"excerpt":{"rendered":"<p>In unserer Steuerberatungskanzlei haben wir es uns zur Aufgabe gemacht, die im Privat- und Gesch\u00e4ftsleben h\u00e4ufig auftretenden Verflechtungen von steuerlicher und anwaltlicher Beratung und Vertretung miteinander zu kombinieren. Dies ist m\u00f6glich, da wir mit kompetenten Kooperationspartnern zusammenarbeiten. mwhs Rechtsanw\u00e4lteM\u00fclheimer Str. 214, 47057 Duisburg BRINKMANN_DEWERT &amp; Partner mbBR\u00fcttenscheider Stra\u00dfe 62, 45130 Essen In vielen F\u00e4llen ist [&hellip;]<\/p>\n","protected":false},"author":1,"featured_media":0,"parent":0,"menu_order":0,"comment_status":"closed","ping_status":"closed","template":"","meta":{"footnotes":""},"class_list":["post-21","page","type-page","status-publish","hentry"],"_links":{"self":[{"href":"https:\/\/kanzleikaiserberg.de\/index.php?rest_route=\/wp\/v2\/pages\/21","targetHints":{"allow":["GET"]}}],"collection":[{"href":"https:\/\/kanzleikaiserberg.de\/index.php?rest_route=\/wp\/v2\/pages"}],"about":[{"href":"https:\/\/kanzleikaiserberg.de\/index.php?rest_route=\/wp\/v2\/types\/page"}],"author":[{"embeddable":true,"href":"https:\/\/kanzleikaiserberg.de\/index.php?rest_route=\/wp\/v2\/users\/1"}],"replies":[{"embeddable":true,"href":"https:\/\/kanzleikaiserberg.de\/index.php?rest_route=%2Fwp%2Fv2%2Fcomments&post=21"}],"version-history":[{"count":3,"href":"https:\/\/kanzleikaiserberg.de\/index.php?rest_route=\/wp\/v2\/pages\/21\/revisions"}],"predecessor-version":[{"id":774,"href":"https:\/\/kanzleikaiserberg.de\/index.php?rest_route=\/wp\/v2\/pages\/21\/revisions\/774"}],"wp:attachment":[{"href":"https:\/\/kanzleikaiserberg.de\/index.php?rest_route=%2Fwp%2Fv2%2Fmedia&parent=21"}],"curies":[{"name":"wp","href":"https:\/\/api.w.org\/{rel}","templated":true}]}}